{"id":213,"date":"2019-02-25T22:07:43","date_gmt":"2019-02-25T22:07:43","guid":{"rendered":"http:\/\/skc-nidderau.de\/?page_id=213"},"modified":"2019-09-05T08:50:30","modified_gmt":"2019-09-05T08:50:30","slug":"live-ticker","status":"publish","type":"page","link":"https:\/\/skc-nidderau.de\/index.php\/live-ticker\/","title":{"rendered":"Live Ticker"},"content":{"rendered":"<p>Leider k\u00f6nnen wir den neuen Live Ticker nicht mehr direkt in unsere Website integrieren, daher stellen wir euch hier den Link zum neuen Ticker des HKBV zu Verf\u00fcgung. \u00dcber die Men\u00fcleiste oben links k\u00f6nnt ihr den entsprechenden Ticker ausw\u00e4hlen.<\/p>\n<p><a href=\"https:\/\/hkbv.sportwinner.de\/#\" target=\"_blank\" rel=\"noopener noreferrer\">Hier gehts zu den Live Tickern!\u00a0<\/a><\/p>\n\n\n<p><\/p>\n","protected":false},"excerpt":{"rendered":"<p>Leider k\u00f6nnen wir den neuen Live Ticker nicht mehr direkt in unsere Website integrieren, daher stellen wir euch hier den Link zum neuen Ticker des HKBV zu Verf\u00fcgung. \u00dcber die Men\u00fcleiste oben links k\u00f6nnt ihr den entsprechenden Ticker ausw\u00e4hlen. Hier gehts zu den Live Tickern!\u00a0<\/p>\n","protected":false},"author":1,"featured_media":0,"parent":0,"menu_order":0,"comment_status":"closed","ping_status":"closed","template":"","meta":[],"_links":{"self":[{"href":"https:\/\/skc-nidderau.de\/index.php\/wp-json\/wp\/v2\/pages\/213"}],"collection":[{"href":"https:\/\/skc-nidderau.de\/index.php\/wp-json\/wp\/v2\/pages"}],"about":[{"href":"https:\/\/skc-nidderau.de\/index.php\/wp-json\/wp\/v2\/types\/page"}],"author":[{"embeddable":true,"href":"https:\/\/skc-nidderau.de\/index.php\/wp-json\/wp\/v2\/users\/1"}],"replies":[{"embeddable":true,"href":"https:\/\/skc-nidderau.de\/index.php\/wp-json\/wp\/v2\/comments?post=213"}],"version-history":[{"count":9,"href":"https:\/\/skc-nidderau.de\/index.php\/wp-json\/wp\/v2\/pages\/213\/revisions"}],"predecessor-version":[{"id":444,"href":"https:\/\/skc-nidderau.de\/index.php\/wp-json\/wp\/v2\/pages\/213\/revisions\/444"}],"wp:attachment":[{"href":"https:\/\/skc-nidderau.de\/index.php\/wp-json\/wp\/v2\/media?parent=213"}],"curies":[{"name":"wp","href":"https:\/\/api.w.org\/{rel}","templated":true}]}}