{"id":373,"date":"2019-04-11T18:23:45","date_gmt":"2019-04-11T18:23:45","guid":{"rendered":"http:\/\/skc-nidderau.de\/?page_id=373"},"modified":"2019-11-27T15:27:36","modified_gmt":"2019-11-27T15:27:36","slug":"geschichte","status":"publish","type":"page","link":"https:\/\/skc-nidderau.de\/index.php\/geschichte\/","title":{"rendered":"Geschichte"},"content":{"rendered":"\n<p class=\"has-large-font-size\">Aus Hobby wurde Sport <\/p>\n\n\n\n<p>Liebe Mitglieder und Sportkameradinnen des 1. SKC Nidderau 1964 e. V.,<\/p>\n\n\n\n<p> als 1. Vorsitzender habe ich die Ehre und das Vergn\u00fcgen, unseren Verein in das 50. Jahr seines Bestehens zu f\u00fchren.<\/p>\n\n\n\n<p>Vor gut einem halben Jahrhundert machten die Gr\u00fcnder aus ihrem Hobby einen Sport. <\/p>\n\n\n\n<p>So wurde eine Satzung ausgearbeitet, die Eintragung ins Vereinsregister voran gebracht und mit der Meldung beim Keglerverband die M\u00f6glichkeit geschaffen, nun mehr an Sportwettk\u00e4mpfen teilzunehmen.<\/p>\n\n\n\n<p> Die Attraktivit\u00e4t des Sportkegelns sorgte f\u00fcr stetigen Mitgliederzuwachs. Das qualifizierte Training und entsprechend professionelles Management der jeweiligen Vereinsf\u00fchrung sorgte schnell f\u00fcr sportliche Erfolge, die daf\u00fcr sorgten, dass bis zu 5 Mannschaften am Spielbetrieb teilnehmen konnten.<\/p>\n\n\n\n<p> Einen gro\u00dfen Schritt nach vorne brachte auch der Umzug von der 2-Bahnenanlage in Ostheim auf die neuen Bahnen in Heldenbergen. Auf der 4-Bahnenanlage in der KuS-Halle, bei deren Bau unser Verein mit geplant, gestaltet und mit ausgebaut hat, war es endlich m\u00f6glich, in die Bezirksliga und sp\u00e4ter in die Gruppenliga aufzusteigen. <\/p>\n\n\n\n<p>Hier konnten wir uns etablieren und die 1. Mannschaft i spielt bis heute in der Gruppenliga. Ausfl\u00fcge und Treffen mit befreundeten Vereinen f\u00f6rderten den Zusammenhalt, Kameradschaft und nat\u00fcrlich auch die sportlichen Erfolge (Stadtmeisterschaft, \u00fcberregionale Wettk\u00e4mpfe) trugen ihren Teil dazu bei.<\/p>\n\n\n\n<p> Der Verein bewies durch seine starke Gemeinschaft und die hohe soziale Kompetenz seiner Mitglieder auch in schwierigen Zeiten, dass er nicht so leicht aus der Bahn zu werfen war.<\/p>\n\n\n\n<p> Wir hoffen auch in Zukunft die zuk\u00fcnftigen Herausforderungen zu meistern und das wir vom Vorstand immer die richtigen Entscheidungen zum Wohl unseres Vereines treffen werden.<\/p>\n\n\n\n<p> Mit den besten sportlichen Gr\u00fc\u00dfen, die m\u00f6glich sind, auf die n\u00e4chsten 5 Jahrzehnte. <\/p>\n\n\n\n<p>Gut Holz <\/p>\n\n\n\n<p><strong>Bernd Unthan <\/strong><br>1. Vorsitzender <br><\/p>\n\n\n\n<p><\/p>\n\n\n\n<p><\/p>\n\n\n\n<p><\/p>\n\n\n\n<p><\/p>\n","protected":false},"excerpt":{"rendered":"<p>Aus Hobby wurde Sport Liebe Mitglieder und Sportkameradinnen des 1. SKC Nidderau 1964 e. V., als 1. Vorsitzender habe ich die Ehre und das Vergn\u00fcgen, unseren Verein in das 50. Jahr seines Bestehens zu f\u00fchren. Vor gut einem halben Jahrhundert machten die Gr\u00fcnder aus ihrem Hobby einen Sport. So wurde [&hellip;]<\/p>\n","protected":false},"author":2,"featured_media":0,"parent":0,"menu_order":0,"comment_status":"closed","ping_status":"closed","template":"","meta":[],"_links":{"self":[{"href":"https:\/\/skc-nidderau.de\/index.php\/wp-json\/wp\/v2\/pages\/373"}],"collection":[{"href":"https:\/\/skc-nidderau.de\/index.php\/wp-json\/wp\/v2\/pages"}],"about":[{"href":"https:\/\/skc-nidderau.de\/index.php\/wp-json\/wp\/v2\/types\/page"}],"author":[{"embeddable":true,"href":"https:\/\/skc-nidderau.de\/index.php\/wp-json\/wp\/v2\/users\/2"}],"replies":[{"embeddable":true,"href":"https:\/\/skc-nidderau.de\/index.php\/wp-json\/wp\/v2\/comments?post=373"}],"version-history":[{"count":5,"href":"https:\/\/skc-nidderau.de\/index.php\/wp-json\/wp\/v2\/pages\/373\/revisions"}],"predecessor-version":[{"id":621,"href":"https:\/\/skc-nidderau.de\/index.php\/wp-json\/wp\/v2\/pages\/373\/revisions\/621"}],"wp:attachment":[{"href":"https:\/\/skc-nidderau.de\/index.php\/wp-json\/wp\/v2\/media?parent=373"}],"curies":[{"name":"wp","href":"https:\/\/api.w.org\/{rel}","templated":true}]}}